{"id":5525,"date":"2023-05-31T13:47:23","date_gmt":"2023-05-31T11:47:23","guid":{"rendered":"https:\/\/ace-concept.fr\/?page_id=5525"},"modified":"2023-07-11T12:43:53","modified_gmt":"2023-07-11T10:43:53","slug":"financement-de-votre-formation","status":"publish","type":"page","link":"https:\/\/ace-concept.fr\/index.php\/financement-de-votre-formation\/","title":{"rendered":"Financement de votre formation"},"content":{"rendered":"\t\t<div data-elementor-type=\"wp-page\" data-elementor-id=\"5525\" class=\"elementor elementor-5525\" data-elementor-post-type=\"page\">\n\t\t\t\t\t\t<section class=\"elementor-section elementor-top-section elementor-element elementor-element-a0f7d46 elementor-section-boxed elementor-section-height-default elementor-section-height-default\" data-id=\"a0f7d46\" data-element_type=\"section\">\n\t\t\t\t\t\t<div class=\"elementor-container elementor-column-gap-default\">\n\t\t\t\t\t<div class=\"elementor-column elementor-col-100 elementor-top-column elementor-element elementor-element-8516f3e\" data-id=\"8516f3e\" data-element_type=\"column\">\n\t\t\t<div class=\"elementor-widget-wrap elementor-element-populated\">\n\t\t\t\t\t\t<div class=\"elementor-element elementor-element-efd84b7 elementor-widget elementor-widget-heading\" data-id=\"efd84b7\" data-element_type=\"widget\" data-widget_type=\"heading.default\">\n\t\t\t\t<div class=\"elementor-widget-container\">\n\t\t\t<h2 class=\"elementor-heading-title elementor-size-default\">Financement de votre formation <\/h2>\t\t<\/div>\n\t\t\t\t<\/div>\n\t\t\t\t<div class=\"elementor-element elementor-element-4238e2d elementor-widget elementor-widget-spacer\" data-id=\"4238e2d\" data-element_type=\"widget\" data-widget_type=\"spacer.default\">\n\t\t\t\t<div class=\"elementor-widget-container\">\n\t\t\t\t\t<div class=\"elementor-spacer\">\n\t\t\t<div class=\"elementor-spacer-inner\"><\/div>\n\t\t<\/div>\n\t\t\t\t<\/div>\n\t\t\t\t<\/div>\n\t\t\t\t<div class=\"elementor-element elementor-element-9dcef9e elementor-widget elementor-widget-text-editor\" data-id=\"9dcef9e\" data-element_type=\"widget\" data-widget_type=\"text-editor.default\">\n\t\t\t\t<div class=\"elementor-widget-container\">\n\t\t\t\t\t\t\t<p style=\"margin: 0cm; text-align: justify; background-image: initial; background-position: initial; background-size: initial; background-repeat: initial; background-attachment: initial; background-origin: initial; background-clip: initial;\"><span style=\"font-size: 14.0pt; font-family: 'Calibri',sans-serif; mso-ascii-theme-font: minor-latin; mso-hansi-theme-font: minor-latin; mso-bidi-theme-font: minor-latin; color: #404040; mso-themecolor: text1; mso-themetint: 191; mso-style-textfill-fill-color: #404040; mso-style-textfill-fill-themecolor: text1; mso-style-textfill-fill-alpha: 100.0%; mso-style-textfill-fill-colortransforms: 'lumm=75000 lumo=25000';\">Les dispositifs pour financer la formation professionnelle sont nombreux. <\/span><\/p>\n<p style=\"margin: 0cm; text-align: justify; background-image: initial; background-position: initial; background-size: initial; background-repeat: initial; background-attachment: initial; background-origin: initial; background-clip: initial; overflow-wrap: break-word;\"><span style=\"font-size: 14.0pt; font-family: 'Calibri',sans-serif; mso-ascii-theme-font: minor-latin; mso-hansi-theme-font: minor-latin; mso-bidi-theme-font: minor-latin; color: #404040; mso-themecolor: text1; mso-themetint: 191; mso-style-textfill-fill-color: #404040; mso-style-textfill-fill-themecolor: text1; mso-style-textfill-fill-alpha: 100.0%; mso-style-textfill-fill-colortransforms: 'lumm=75000 lumo=25000';\">Un des enjeux fix\u00e9s par le gouvernement est de permettre \u00e0 chaque actif de pouvoir&nbsp;<strong>se former tout au long de sa carri\u00e8re<\/strong>, quelle que soit sa situation, pour se maintenir \u00e0 son poste ou \u00e9voluer vers d\u2019autres m\u00e9tiers.<\/span><\/p><p style=\"margin: 0cm; text-align: justify; background-image: initial; background-position: initial; background-size: initial; background-repeat: initial; background-attachment: initial; background-origin: initial; background-clip: initial; overflow-wrap: break-word;\"><span style=\"font-size: 14.0pt; font-family: 'Calibri',sans-serif; mso-ascii-theme-font: minor-latin; mso-hansi-theme-font: minor-latin; mso-bidi-theme-font: minor-latin; color: #404040; mso-themecolor: text1; mso-themetint: 191; mso-style-textfill-fill-color: #404040; mso-style-textfill-fill-themecolor: text1; mso-style-textfill-fill-alpha: 100.0%; mso-style-textfill-fill-colortransforms: 'lumm=75000 lumo=25000';\">Ace Concept vous accompagne \u00e0 chaque \u00e9tape de votre dossier de financement.<\/span><\/p>\n<p style=\"margin: 0cm; text-align: justify; background-image: initial; background-position: initial; background-size: initial; background-repeat: initial; background-attachment: initial; background-origin: initial; background-clip: initial; overflow-wrap: break-word;\"><span style=\"font-size: 14.0pt; font-family: 'Calibri',sans-serif; mso-ascii-theme-font: minor-latin; mso-hansi-theme-font: minor-latin; mso-bidi-theme-font: minor-latin; color: #404040; mso-themecolor: text1; mso-themetint: 191; mso-style-textfill-fill-color: #404040; mso-style-textfill-fill-themecolor: text1; mso-style-textfill-fill-alpha: 100.0%; mso-style-textfill-fill-colortransforms: 'lumm=75000 lumo=25000';\"><br><\/span><\/p>\t\t\t\t\t\t<\/div>\n\t\t\t\t<\/div>\n\t\t\t\t<div class=\"elementor-element elementor-element-5f03045 elementor-widget elementor-widget-image\" data-id=\"5f03045\" data-element_type=\"widget\" data-widget_type=\"image.default\">\n\t\t\t\t<div class=\"elementor-widget-container\">\n\t\t\t\t\t\t\t\t\t\t\t\t\t<img fetchpriority=\"high\" decoding=\"async\" width=\"1024\" height=\"587\" src=\"https:\/\/ace-concept.fr\/wp-content\/uploads\/2023\/05\/tirelire-e1685535885276-1024x587.png\" class=\"attachment-large size-large wp-image-5530\" alt=\"\" srcset=\"https:\/\/ace-concept.fr\/wp-content\/uploads\/2023\/05\/tirelire-e1685535885276-1024x587.png 1024w, https:\/\/ace-concept.fr\/wp-content\/uploads\/2023\/05\/tirelire-e1685535885276-300x172.png 300w, https:\/\/ace-concept.fr\/wp-content\/uploads\/2023\/05\/tirelire-e1685535885276-768x441.png 768w, https:\/\/ace-concept.fr\/wp-content\/uploads\/2023\/05\/tirelire-e1685535885276-1536x881.png 1536w, https:\/\/ace-concept.fr\/wp-content\/uploads\/2023\/05\/tirelire-e1685535885276.png 1665w\" sizes=\"(max-width: 1024px) 100vw, 1024px\" \/>\t\t\t\t\t\t\t\t\t\t\t\t\t<\/div>\n\t\t\t\t<\/div>\n\t\t\t\t<div class=\"elementor-element elementor-element-60ffc9c elementor-widget elementor-widget-text-editor\" data-id=\"60ffc9c\" data-element_type=\"widget\" data-widget_type=\"text-editor.default\">\n\t\t\t\t<div class=\"elementor-widget-container\">\n\t\t\t\t\t\t\t<p style=\"margin: 0cm; text-align: justify; background-image: initial; background-position: initial; background-size: initial; background-repeat: initial; background-attachment: initial; background-origin: initial; background-clip: initial;\">\u00a0<\/p><p class=\"MsoNormal\" style=\"margin-bottom: 7.5pt; line-height: normal; vertical-align: baseline;\"><span style=\"font-size: 14.0pt; mso-fareast-font-family: 'Times New Roman'; mso-bidi-font-family: Calibri; mso-bidi-theme-font: minor-latin; color: #404040; mso-themecolor: text1; mso-themetint: 191; mso-style-textfill-fill-color: #404040; mso-style-textfill-fill-themecolor: text1; mso-style-textfill-fill-alpha: 100.0%; mso-style-textfill-fill-colortransforms: 'lumm=75000 lumo=25000'; mso-font-kerning: 0pt; mso-ligatures: none; mso-fareast-language: FR;\">Trouvez la solution de prise en charge pour financer votre formation, quel que soit votre statut ou votre situation :<\/span><\/p>\t\t\t\t\t\t<\/div>\n\t\t\t\t<\/div>\n\t\t\t\t<div class=\"elementor-element elementor-element-a365b6c elementor-widget elementor-widget-accordion\" data-id=\"a365b6c\" data-element_type=\"widget\" data-widget_type=\"accordion.default\">\n\t\t\t\t<div class=\"elementor-widget-container\">\n\t\t\t\t\t<div class=\"elementor-accordion\">\n\t\t\t\t\t\t\t<div class=\"elementor-accordion-item\">\n\t\t\t\t\t<div id=\"elementor-tab-title-1711\" class=\"elementor-tab-title\" data-tab=\"1\" role=\"button\" aria-controls=\"elementor-tab-content-1711\" aria-expanded=\"false\">\n\t\t\t\t\t\t\t\t\t\t\t\t\t<span class=\"elementor-accordion-icon elementor-accordion-icon-left\" aria-hidden=\"true\">\n\t\t\t\t\t\t\t\t\t\t\t\t\t\t\t<span class=\"elementor-accordion-icon-closed\"><i class=\"fas fa-chevron-down\"><\/i><\/span>\n\t\t\t\t\t\t\t\t<span class=\"elementor-accordion-icon-opened\"><i class=\"fas fa-minus\"><\/i><\/span>\n\t\t\t\t\t\t\t\t\t\t\t\t\t\t<\/span>\n\t\t\t\t\t\t\t\t\t\t\t\t<a class=\"elementor-accordion-title\" tabindex=\"0\">Je suis salari\u00e9 <\/a>\n\t\t\t\t\t<\/div>\n\t\t\t\t\t<div id=\"elementor-tab-content-1711\" class=\"elementor-tab-content elementor-clearfix\" data-tab=\"1\" role=\"region\" aria-labelledby=\"elementor-tab-title-1711\"><p class=\"MsoNormal\"><b><span style=\"font-size: 12.0pt; line-height: 107%; mso-bidi-font-family: Calibri; mso-bidi-theme-font: minor-latin; color: #404040; mso-themecolor: text1; mso-themetint: 191; mso-style-textfill-fill-color: #404040; mso-style-textfill-fill-themecolor: text1; mso-style-textfill-fill-alpha: 100.0%; mso-style-textfill-fill-colortransforms: 'lumm=75000 lumo=25000';\">Plusieurs dispositifs de prise en charge de votre formation existent, si vous \u00eates salari\u00e9.<\/span><\/b><span style=\"font-size: 12.0pt; line-height: 107%; mso-bidi-font-family: Calibri; mso-bidi-theme-font: minor-latin; color: #404040; mso-themecolor: text1; mso-themetint: 191; mso-style-textfill-fill-color: #404040; mso-style-textfill-fill-themecolor: text1; mso-style-textfill-fill-alpha: 100.0%; mso-style-textfill-fill-colortransforms: 'lumm=75000 lumo=25000';\">\u00a0Vous avez la possibilit\u00e9 de r\u00e9aliser votre formation en toute autonomie, ou en relation avec votre employeur. C&rsquo;est vous qui choisissez. <\/span><\/p><p class=\"MsoNormal\"><b><u><span style=\"font-size: 12.0pt; line-height: 107%; mso-bidi-font-family: Calibri; mso-bidi-theme-font: minor-latin; color: #404040; mso-themecolor: text1; mso-themetint: 191; mso-style-textfill-fill-color: #404040; mso-style-textfill-fill-themecolor: text1; mso-style-textfill-fill-alpha: 100.0%; mso-style-textfill-fill-colortransforms: 'lumm=75000 lumo=25000';\">Financement CPF \u2013 Mon compte formation<\/span><\/u><\/b><\/p><p class=\"MsoNormal\"><span style=\"font-size: 12.0pt; line-height: 107%; mso-bidi-font-family: Calibri; mso-bidi-theme-font: minor-latin; color: #404040; mso-themecolor: text1; mso-themetint: 191; mso-style-textfill-fill-color: #404040; mso-style-textfill-fill-themecolor: text1; mso-style-textfill-fill-alpha: 100.0%; mso-style-textfill-fill-colortransforms: 'lumm=75000 lumo=25000';\">Vous disposez d&rsquo;un cr\u00e9dit CPF et souhaitez le mobiliser ? <\/span><\/p><p class=\"MsoNormal\"><span style=\"font-size: 12.0pt; line-height: 107%; mso-bidi-font-family: Calibri; mso-bidi-theme-font: minor-latin; color: #404040; mso-themecolor: text1; mso-themetint: 191; mso-style-textfill-fill-color: #404040; mso-style-textfill-fill-themecolor: text1; mso-style-textfill-fill-alpha: 100.0%; mso-style-textfill-fill-colortransforms: 'lumm=75000 lumo=25000';\">Vous pouvez financer votre formation avec votre CPF\u00a0(Compte Personnel de Formation).<\/span><\/p><p class=\"MsoNormal\"><span style=\"font-size: 12.0pt; line-height: 107%; mso-bidi-font-family: Calibri; mso-bidi-theme-font: minor-latin; color: #404040; mso-themecolor: text1; mso-themetint: 191; mso-style-textfill-fill-color: #404040; mso-style-textfill-fill-themecolor: text1; mso-style-textfill-fill-alpha: 100.0%; mso-style-textfill-fill-colortransforms: 'lumm=75000 lumo=25000';\">Pour cela, il vous suffit de vous inscrire sur le site officiel de Mon Compte Formation, gr\u00e2ce \u00e0 votre num\u00e9ro de s\u00e9curit\u00e9 sociale.\u00a0<\/span><\/p><p class=\"MsoNormal\"><b><u><span style=\"font-size: 12.0pt; line-height: 107%; mso-bidi-font-family: Calibri; mso-bidi-theme-font: minor-latin; color: #404040; mso-themecolor: text1; mso-themetint: 191; mso-style-textfill-fill-color: #404040; mso-style-textfill-fill-themecolor: text1; mso-style-textfill-fill-alpha: 100.0%; mso-style-textfill-fill-colortransforms: 'lumm=75000 lumo=25000';\">Plan de formation (en sollicitant votre employeur)<\/span><\/u><\/b><\/p><p class=\"MsoNormal\"><span style=\"font-size: 12.0pt; line-height: 107%; mso-bidi-font-family: Calibri; mso-bidi-theme-font: minor-latin; color: #404040; mso-themecolor: text1; mso-themetint: 191; mso-style-textfill-fill-color: #404040; mso-style-textfill-fill-themecolor: text1; mso-style-textfill-fill-alpha: 100.0%; mso-style-textfill-fill-colortransforms: 'lumm=75000 lumo=25000';\">Si votre formation vous permet d&rsquo;\u00e9voluer de poste et \/ ou d&rsquo;am\u00e9liorer vos comp\u00e9tences actuelles, votre employeur peut encourager votre d\u00e9marche. Auquel cas\u00a0<b>votre entreprise peut solliciter une prise en charge de votre formation par l&rsquo;interm\u00e9diaire du Plan de formation.<\/b><\/span><\/p><p class=\"MsoNormal\"><span style=\"font-size: 12pt; line-height: 107%; color: #404040; background-image: initial; background-position: initial; background-size: initial; background-repeat: initial; background-attachment: initial; background-origin: initial; background-clip: initial;\">Toutes les entreprises sont rattach\u00e9es \u00e0 un OPCO et peuvent b\u00e9n\u00e9ficier de financements\u00a0:<\/span><\/p><p class=\"MsoNormal\"><span style=\"font-size: 12pt; line-height: 107%; color: #404040; background-image: initial; background-position: initial; background-size: initial; background-repeat: initial; background-attachment: initial; background-origin: initial; background-clip: initial;\">Afdas, AKTO, Atlas, Constructys, Ocapiat, OPCO 2i, OPCO EP, Opcommerce, OPCO Mobilit\u00e9s, OPCO Sant\u00e9, Uniformation\u00a0<\/span><\/p><p class=\"MsoNormal\"><b><span style=\"font-size: 12.0pt; line-height: 107%; mso-bidi-font-family: Calibri; mso-bidi-theme-font: minor-latin; color: #404040; mso-themecolor: text1; mso-themetint: 191; mso-style-textfill-fill-color: #404040; mso-style-textfill-fill-themecolor: text1; mso-style-textfill-fill-alpha: 100.0%; mso-style-textfill-fill-colortransforms: 'lumm=75000 lumo=25000';\">Ace Concept vous accompagne \u00e0 la constitution du dossier de prise en charge.<\/span><\/b><\/p><p class=\"MsoNormal\"><u><span style=\"font-size: 12.0pt; line-height: 107%; mso-bidi-font-family: Calibri; mso-bidi-theme-font: minor-latin; color: #404040; mso-themecolor: text1; mso-themetint: 191; mso-style-textfill-fill-color: #404040; mso-style-textfill-fill-themecolor: text1; mso-style-textfill-fill-alpha: 100.0%; mso-style-textfill-fill-colortransforms: 'lumm=75000 lumo=25000';\"><a href=\"https:\/\/ace-concept.fr\/index.php\/contact\/\">Contactez-nous pour plus d\u2019information\u00a0<\/a><\/span><\/u><\/p><\/div>\n\t\t\t\t<\/div>\n\t\t\t\t\t\t\t<div class=\"elementor-accordion-item\">\n\t\t\t\t\t<div id=\"elementor-tab-title-1712\" class=\"elementor-tab-title\" data-tab=\"2\" role=\"button\" aria-controls=\"elementor-tab-content-1712\" aria-expanded=\"false\">\n\t\t\t\t\t\t\t\t\t\t\t\t\t<span class=\"elementor-accordion-icon elementor-accordion-icon-left\" aria-hidden=\"true\">\n\t\t\t\t\t\t\t\t\t\t\t\t\t\t\t<span class=\"elementor-accordion-icon-closed\"><i class=\"fas fa-chevron-down\"><\/i><\/span>\n\t\t\t\t\t\t\t\t<span class=\"elementor-accordion-icon-opened\"><i class=\"fas fa-minus\"><\/i><\/span>\n\t\t\t\t\t\t\t\t\t\t\t\t\t\t<\/span>\n\t\t\t\t\t\t\t\t\t\t\t\t<a class=\"elementor-accordion-title\" tabindex=\"0\">Je suis employeur<\/a>\n\t\t\t\t\t<\/div>\n\t\t\t\t\t<div id=\"elementor-tab-content-1712\" class=\"elementor-tab-content elementor-clearfix\" data-tab=\"2\" role=\"region\" aria-labelledby=\"elementor-tab-title-1712\"><p class=\"MsoNormal\"><b>Gr\u00e2ce au Plan de formation, les entreprises ont, chaque ann\u00e9e, la possibilit\u00e9 d&rsquo;obtenir une enveloppe budg\u00e9taire pour permettre \u00e0 leurs salari\u00e9s de monter en comp\u00e9tences.<\/b><\/p><p class=\"MsoNormal\">Notre \u00e9quipe vous accompagne dans la pr\u00e9paration du dossier de prise en charge, afin de faciliter les d\u00e9marches et l&rsquo;organisation de la formation.<\/p><p class=\"MsoNormal\"><span style=\"font-size: 12.0pt; line-height: 107%; mso-fareast-font-family: 'Times New Roman'; mso-bidi-font-family: Calibri; mso-bidi-theme-font: minor-latin; mso-font-kerning: 0pt; mso-ligatures: none; mso-fareast-language: FR;\"><br \/><\/span><a href=\"https:\/\/ace-concept.fr\/index.php\/contact\/\">Contactez nous pour plus d&rsquo;information<\/a><u><\/u><\/p><\/div>\n\t\t\t\t<\/div>\n\t\t\t\t\t\t\t<div class=\"elementor-accordion-item\">\n\t\t\t\t\t<div id=\"elementor-tab-title-1713\" class=\"elementor-tab-title\" data-tab=\"3\" role=\"button\" aria-controls=\"elementor-tab-content-1713\" aria-expanded=\"false\">\n\t\t\t\t\t\t\t\t\t\t\t\t\t<span class=\"elementor-accordion-icon elementor-accordion-icon-left\" aria-hidden=\"true\">\n\t\t\t\t\t\t\t\t\t\t\t\t\t\t\t<span class=\"elementor-accordion-icon-closed\"><i class=\"fas fa-chevron-down\"><\/i><\/span>\n\t\t\t\t\t\t\t\t<span class=\"elementor-accordion-icon-opened\"><i class=\"fas fa-minus\"><\/i><\/span>\n\t\t\t\t\t\t\t\t\t\t\t\t\t\t<\/span>\n\t\t\t\t\t\t\t\t\t\t\t\t<a class=\"elementor-accordion-title\" tabindex=\"0\">Je suis un professionnel ind\u00e9pendant<\/a>\n\t\t\t\t\t<\/div>\n\t\t\t\t\t<div id=\"elementor-tab-content-1713\" class=\"elementor-tab-content elementor-clearfix\" data-tab=\"3\" role=\"region\" aria-labelledby=\"elementor-tab-title-1713\"><p class=\"MsoNormal\"><b>En tant que travailleur ind\u00e9pendant vous ne d\u00e9pendez pas d&rsquo;un OPCO<\/b>\u00a0(Op\u00e9rateur de comp\u00e9tences)\u00a0<b>mais de ce que l&rsquo;on appelle un FAF<\/b>\u00a0(Fonds d&rsquo;assurance formation).<\/p><p class=\"MsoNormal\">AGEFICE, FIF PL, Chambre des m\u00e9tiers &#8230; Votre organisme financeur d\u00e9pend de la nature de votre activit\u00e9. Des dispositifs de prise en charge existent.<\/p><p class=\"MsoNormal\" style=\"margin-bottom: 0cm; line-height: normal; vertical-align: baseline;\"><a href=\"https:\/\/ace-concept.fr\/index.php\/contact\/\"><u>Contactez-nous pour plus d\u2019information<\/u><\/a><span style=\"font-size: 12.0pt; mso-fareast-font-family: 'Times New Roman'; mso-bidi-font-family: Calibri; mso-bidi-theme-font: minor-latin; mso-font-kerning: 0pt; mso-ligatures: none; mso-fareast-language: FR;\"><br \/><!-- [if !supportLineBreakNewLine]--><br \/><!--[endif]--><\/span><\/p><\/div>\n\t\t\t\t<\/div>\n\t\t\t\t\t\t\t<div class=\"elementor-accordion-item\">\n\t\t\t\t\t<div id=\"elementor-tab-title-1714\" class=\"elementor-tab-title\" data-tab=\"4\" role=\"button\" aria-controls=\"elementor-tab-content-1714\" aria-expanded=\"false\">\n\t\t\t\t\t\t\t\t\t\t\t\t\t<span class=\"elementor-accordion-icon elementor-accordion-icon-left\" aria-hidden=\"true\">\n\t\t\t\t\t\t\t\t\t\t\t\t\t\t\t<span class=\"elementor-accordion-icon-closed\"><i class=\"fas fa-chevron-down\"><\/i><\/span>\n\t\t\t\t\t\t\t\t<span class=\"elementor-accordion-icon-opened\"><i class=\"fas fa-minus\"><\/i><\/span>\n\t\t\t\t\t\t\t\t\t\t\t\t\t\t<\/span>\n\t\t\t\t\t\t\t\t\t\t\t\t<a class=\"elementor-accordion-title\" tabindex=\"0\">Je suis demandeur d'emploi<\/a>\n\t\t\t\t\t<\/div>\n\t\t\t\t\t<div id=\"elementor-tab-content-1714\" class=\"elementor-tab-content elementor-clearfix\" data-tab=\"4\" role=\"region\" aria-labelledby=\"elementor-tab-title-1714\"><p class=\"MsoNormal\">Vous souhaitez vous former pour faire \u00e9voluer vos comp\u00e9tences ou en acqu\u00e9rir de nouvelles ? Vous avez raison. Cette d\u00e9marche vous permettra de rendre votre profil plus en ad\u00e9quation avec le march\u00e9 du travail et les crit\u00e8res des recruteurs.<\/p><p class=\"MsoNormal\"><b>Pour obtenir un financement par P\u00f4le Emploi, il est n\u00e9cessaire de vous mettre en relation avec un conseiller P\u00f4le Emploi qui pourra prendre en charge votre projet.<\/b><\/p><p class=\"MsoNormal\">Ace Concept vous transmet les documents n\u00e9cessaires \u00e0 P\u00f4le Emploi pour la prise en charge de votre dossier.<\/p><p class=\"MsoNormal\" style=\"margin-bottom: 0cm; line-height: normal; vertical-align: baseline;\"><span style=\"text-decoration: underline;\"><a href=\"https:\/\/ace-concept.fr\/index.php\/contact\/\">Contactez-nous pour plus d\u2019information\u00a0<\/a><\/span><span style=\"font-size: 12.0pt; mso-fareast-font-family: 'Times New Roman'; mso-bidi-font-family: Calibri; mso-bidi-theme-font: minor-latin; mso-font-kerning: 0pt; mso-ligatures: none; mso-fareast-language: FR;\"><br \/><!-- [if !supportLineBreakNewLine]--><br \/><!--[endif]--><\/span><\/p><\/div>\n\t\t\t\t<\/div>\n\t\t\t\t\t\t\t<div class=\"elementor-accordion-item\">\n\t\t\t\t\t<div id=\"elementor-tab-title-1715\" class=\"elementor-tab-title\" data-tab=\"5\" role=\"button\" aria-controls=\"elementor-tab-content-1715\" aria-expanded=\"false\">\n\t\t\t\t\t\t\t\t\t\t\t\t\t<span class=\"elementor-accordion-icon elementor-accordion-icon-left\" aria-hidden=\"true\">\n\t\t\t\t\t\t\t\t\t\t\t\t\t\t\t<span class=\"elementor-accordion-icon-closed\"><i class=\"fas fa-chevron-down\"><\/i><\/span>\n\t\t\t\t\t\t\t\t<span class=\"elementor-accordion-icon-opened\"><i class=\"fas fa-minus\"><\/i><\/span>\n\t\t\t\t\t\t\t\t\t\t\t\t\t\t<\/span>\n\t\t\t\t\t\t\t\t\t\t\t\t<a class=\"elementor-accordion-title\" tabindex=\"0\">Financement personnel<\/a>\n\t\t\t\t\t<\/div>\n\t\t\t\t\t<div id=\"elementor-tab-content-1715\" class=\"elementor-tab-content elementor-clearfix\" data-tab=\"5\" role=\"region\" aria-labelledby=\"elementor-tab-title-1715\"><p class=\"MsoNormal\">Votre formation n&rsquo;est pas \u00e9ligible au CPF, ou vous ne disposez pas du cr\u00e9dit suffisant \u00e0 financer votre accompagnement ?\u00a0<\/p><p class=\"MsoNormal\">Vous avez d\u00e9j\u00e0 utilis\u00e9 vos droits pour une autre formation, ou ne pouvez plus en b\u00e9n\u00e9ficier pour le moment ?<\/p><p class=\"MsoNormal\"><b>Vous avez la possibilit\u00e9 de financer votre formation partiellement ou totalement, avec un financement personnel.<\/b><\/p><p class=\"MsoNormal\"><a href=\"https:\/\/ace-concept.fr\/index.php\/contact\/\"><u>Contactez-nous pour plus d\u2019information\u00a0<\/u><\/a><\/p><\/div>\n\t\t\t\t<\/div>\n\t\t\t\t\t\t\t\t<\/div>\n\t\t\t\t<\/div>\n\t\t\t\t<\/div>\n\t\t\t\t\t<\/div>\n\t\t<\/div>\n\t\t\t\t\t<\/div>\n\t\t<\/section>\n\t\t\t\t<\/div>\n\t\t","protected":false},"excerpt":{"rendered":"<p>Financement de votre formation Les dispositifs pour financer la formation professionnelle sont nombreux. Un des enjeux fix\u00e9s par le gouvernement est de permettre \u00e0 chaque actif de pouvoir&nbsp;se former tout au long de sa carri\u00e8re, quelle que soit sa situation, pour se maintenir \u00e0 son poste ou \u00e9voluer vers d\u2019autres m\u00e9tiers. Ace Concept vous accompagne [&hellip;]<\/p>\n","protected":false},"author":59,"featured_media":0,"parent":0,"menu_order":0,"comment_status":"closed","ping_status":"closed","template":"full-width.php","meta":{"_acf_changed":false,"footnotes":""},"acf":[],"_links":{"self":[{"href":"https:\/\/ace-concept.fr\/index.php\/wp-json\/wp\/v2\/pages\/5525"}],"collection":[{"href":"https:\/\/ace-concept.fr\/index.php\/wp-json\/wp\/v2\/pages"}],"about":[{"href":"https:\/\/ace-concept.fr\/index.php\/wp-json\/wp\/v2\/types\/page"}],"author":[{"embeddable":true,"href":"https:\/\/ace-concept.fr\/index.php\/wp-json\/wp\/v2\/users\/59"}],"replies":[{"embeddable":true,"href":"https:\/\/ace-concept.fr\/index.php\/wp-json\/wp\/v2\/comments?post=5525"}],"version-history":[{"count":32,"href":"https:\/\/ace-concept.fr\/index.php\/wp-json\/wp\/v2\/pages\/5525\/revisions"}],"predecessor-version":[{"id":5614,"href":"https:\/\/ace-concept.fr\/index.php\/wp-json\/wp\/v2\/pages\/5525\/revisions\/5614"}],"wp:attachment":[{"href":"https:\/\/ace-concept.fr\/index.php\/wp-json\/wp\/v2\/media?parent=5525"}],"curies":[{"name":"wp","href":"https:\/\/api.w.org\/{rel}","templated":true}]}}